{"id":3610,"date":"2025-09-15T15:53:57","date_gmt":"2025-09-15T12:53:57","guid":{"rendered":"https:\/\/motionrentals.gr\/terms-conditions\/"},"modified":"2026-01-08T13:32:31","modified_gmt":"2026-01-08T11:32:31","slug":"terms-conditions","status":"publish","type":"page","link":"https:\/\/motionrentals.gr\/fr\/terms-conditions\/","title":{"rendered":"Terms &#038; Conditions"},"content":{"rendered":"<div class=\"gocars-terms-wrap\" \n    data-domain=\"motionrentals\"\n    data-shortcode_type=\"terms\" \n    id=\"gocars_terms-2252\" \n    data-id=\"2252\">\n    <h3 data-start=\"220\" data-end=\"264\">Conditions d\u2019\u00e2ge et permis de conduire<\/h3><p data-start=\"265\" data-end=\"374\"><strong>Tous les conducteurs doivent pr\u00e9senter un permis de conduire valide et avoir l\u2019\u00e2ge l\u00e9gal requis pour conduire<\/strong><\/p><p data-start=\"376\" data-end=\"651\">Permis de conduire : Seules les personnes mentionn\u00e9es dans ce contrat de location sont autoris\u00e9es \u00e0 conduire le v\u00e9hicule.<br data-start=\"497\" data-end=\"500\" \/> Exp\u00e9rience : En signant ce contrat, le locataire confirme qu\u2019il poss\u00e8de une exp\u00e9rience pr\u00e9alable dans la conduite de v\u00e9hicules similaires \u00e0 celui lou\u00e9.<\/p><p data-start=\"653\" data-end=\"705\">Scooter 50cc<br data-start=\"665\" data-end=\"668\" \/> types de permis : B\/ AM \/ A1 \/ A2 \/ A<\/p><p data-start=\"707\" data-end=\"752\">Scooter 125cc<br data-start=\"720\" data-end=\"723\" \/> types de permis : A1 \/ A2 \/ A<\/p><p data-start=\"754\" data-end=\"796\">Scooter 150-350<br data-start=\"769\" data-end=\"772\" \/> types de permis : A2 \/ A<\/p><p data-start=\"798\" data-end=\"828\">Motos<br data-start=\"803\" data-end=\"806\" \/> types de permis : A2\/A<\/p><p data-start=\"830\" data-end=\"873\">Quads\/atv 300-625<br data-start=\"847\" data-end=\"850\" \/> type de permis : B\/A2\/A<\/p><h3 data-start=\"875\" data-end=\"893\">R\u00e9servations<\/h3><p data-start=\"894\" data-end=\"1053\">Si le v\u00e9hicule choisi n\u2019est pas disponible, nous nous r\u00e9servons le droit de fournir un v\u00e9hicule de cat\u00e9gorie similaire ou sup\u00e9rieure sans frais suppl\u00e9mentaires<\/p><h3 data-start=\"1055\" data-end=\"1072\">\u00c2ge minimum<\/h3><p data-start=\"1073\" data-end=\"1094\">Scooter 50-125cc: 18+<\/p><p data-start=\"1096\" data-end=\"1118\">Scooter 150-350cc: 21+<\/p><p data-start=\"1120\" data-end=\"1130\">Motos: 24+<\/p><p data-start=\"1132\" data-end=\"1152\">Quads 300-625cc: 21+<\/p><h3 data-start=\"1154\" data-end=\"1191\">Infractions routi\u00e8res &amp; amendes<\/h3><p data-start=\"1192\" data-end=\"1331\">Le locataire est enti\u00e8rement responsable de toutes les infractions routi\u00e8res, amendes et p\u00e9nalit\u00e9s encourues pendant la p\u00e9riode de location<\/p><h3 data-start=\"1333\" data-end=\"1361\">Politique de carburant<\/h3><p data-start=\"1362\" data-end=\"1475\">Le v\u00e9hicule doit \u00eatre retourn\u00e9 avec le m\u00eame niveau de carburant que celui indiqu\u00e9 au moment de la prise en charge<\/p><h3 data-start=\"1477\" data-end=\"1502\">\u00c9tat de restitution<\/h3><p data-start=\"1503\" data-end=\"1638\">Le locataire doit restituer le v\u00e9hicule et l\u2019\u00e9quipement (casques\/top case\/support t\u00e9l\u00e9phone) dans le m\u00eame \u00e9tat que lors de la location.<\/p><h3 data-start=\"1640\" data-end=\"1668\">Politique d\u2019annulation<\/h3><p data-start=\"1669\" data-end=\"1900\">Nous offrons un remboursement int\u00e9gral pour les annulations effectu\u00e9es jusqu\u2019\u00e0 48 h avant la date de prise en charge pr\u00e9vue. Les annulations effectu\u00e9es moins de 48 h avant la date de prise en charge pr\u00e9vue ne sont pas remboursables<\/p><h3 data-start=\"1902\" data-end=\"1942\">Proc\u00e9dures d\u2019urgence et d\u2019incident<\/h3><p data-start=\"1943\" data-end=\"2319\">Notification imm\u00e9diate : En cas d\u2019accident, de vol ou de panne m\u00e9canique, le locataire doit contacter Motion Rentals imm\u00e9diatement.<br data-start=\"2074\" data-end=\"2077\" \/> Documentation : Le locataire doit documenter l\u2019incident de mani\u00e8re compl\u00e8te (y compris des photographies, des rapports de police et toute autre preuve pertinente) afin de faciliter toute demande d\u2019assurance et de d\u00e9terminer la responsabilit\u00e9.<\/p><h3 data-start=\"2321\" data-end=\"2340\">Perte de cl\u00e9s<\/h3><p data-start=\"2341\" data-end=\"2444\">En cas de perte ou de d\u00e9t\u00e9rioration des cl\u00e9s, le Locataire est tenu de payer les frais de remplacement.<\/p><h3 data-start=\"2446\" data-end=\"2464\">Restrictions<\/h3><p data-start=\"2465\" data-end=\"2690\">Il est interdit de conduire votre moto, scooter ou ATV\/Quad en dehors de Corfou.<br data-start=\"2545\" data-end=\"2548\" \/> La conduite sous l\u2019influence de l\u2019alcool et de drogues est interdite.<br data-start=\"2617\" data-end=\"2620\" \/> La conduite hors route (off road) n\u2019est autoris\u00e9e pour aucun v\u00e9hicule.<\/p><h3 data-start=\"2692\" data-end=\"2723\">Conducteur suppl\u00e9mentaire<\/h3><p data-start=\"2724\" data-end=\"2827\">Vous pouvez ajouter un conducteur suppl\u00e9mentaire \u00e0 votre contrat de location sans frais suppl\u00e9mentaires<\/p><h3 data-start=\"2829\" data-end=\"2842\">Litiges<\/h3><p data-start=\"2843\" data-end=\"2962\">Tout litige non r\u00e9solu entre le Locataire et Motion Rentals sera soumis \u00e0 la juridiction exclusive des tribunaux grecs.<\/p><h3 data-start=\"2964\" data-end=\"2989\">Assistance routi\u00e8re<\/h3><p data-start=\"2990\" data-end=\"3318\">L\u2019assistance routi\u00e8re due \u00e0 une panne ou \u00e0 des d\u00e9fauts du v\u00e9hicule est fournie sans frais au Locataire. Si le v\u00e9hicule ne peut pas \u00eatre r\u00e9par\u00e9 rapidement, un autre v\u00e9hicule peut \u00eatre propos\u00e9 au Locataire. Si aucun v\u00e9hicule alternatif n\u2019est disponible, le Locataire recevra un remboursement int\u00e9gral du co\u00fbt total de la location.<\/p><h3 data-start=\"3320\" data-end=\"3337\">Kilom\u00e9trage<\/h3><p data-start=\"3338\" data-end=\"3401\">Le kilom\u00e9trage illimit\u00e9 est inclus dans le prix de la location.<\/p><h3 data-start=\"3403\" data-end=\"3428\">Taxes locales &amp; TVA<\/h3><p data-start=\"3429\" data-end=\"3564\">Toutes les taxes locales et la TVA sont incluses dans le prix de la location. Il n\u2019y a pas de frais cach\u00e9s ni de co\u00fbts suppl\u00e9mentaires.<\/p><h3 data-start=\"3566\" data-end=\"3590\">Moyens de paiement<\/h3><p data-start=\"3591\" data-end=\"3754\">Tous les paiements doivent \u00eatre effectu\u00e9s int\u00e9gralement en esp\u00e8ces ou par carte au moment de la prise en charge ou en ligne avec toute carte de cr\u00e9dit ou de d\u00e9bit.<\/p><\/div>\n\n","protected":false},"excerpt":{"rendered":"","protected":false},"author":1,"featured_media":0,"parent":0,"menu_order":19,"comment_status":"closed","ping_status":"closed","template":"template-terms.php","meta":{"_acf_changed":false,"inline_featured_image":false,"footnotes":""},"class_list":["post-3610","page","type-page","status-publish","hentry"],"acf":[],"_links":{"self":[{"href":"https:\/\/motionrentals.gr\/fr\/wp-json\/wp\/v2\/pages\/3610","targetHints":{"allow":["GET"]}}],"collection":[{"href":"https:\/\/motionrentals.gr\/fr\/wp-json\/wp\/v2\/pages"}],"about":[{"href":"https:\/\/motionrentals.gr\/fr\/wp-json\/wp\/v2\/types\/page"}],"author":[{"embeddable":true,"href":"https:\/\/motionrentals.gr\/fr\/wp-json\/wp\/v2\/users\/1"}],"replies":[{"embeddable":true,"href":"https:\/\/motionrentals.gr\/fr\/wp-json\/wp\/v2\/comments?post=3610"}],"version-history":[{"count":1,"href":"https:\/\/motionrentals.gr\/fr\/wp-json\/wp\/v2\/pages\/3610\/revisions"}],"predecessor-version":[{"id":3761,"href":"https:\/\/motionrentals.gr\/fr\/wp-json\/wp\/v2\/pages\/3610\/revisions\/3761"}],"wp:attachment":[{"href":"https:\/\/motionrentals.gr\/fr\/wp-json\/wp\/v2\/media?parent=3610"}],"curies":[{"name":"wp","href":"https:\/\/api.w.org\/{rel}","templated":true}]}}